{"id":7,"date":"2020-03-14T10:52:54","date_gmt":"2020-03-14T10:52:54","guid":{"rendered":"http:\/\/felixbussephotography.de\/?page_id=7"},"modified":"2025-10-24T09:55:28","modified_gmt":"2025-10-24T09:55:28","slug":"about-me","status":"publish","type":"page","link":"https:\/\/felixbussephotography.de\/","title":{"rendered":"Willkommen"},"content":{"rendered":"\n<p>&#8230; auf meiner Homepage. Hier m\u00f6chte ich mich und eine Auswahl meiner Bilder und Projekte vorstellen:<\/p>\n\n\n\n<div class=\"wp-block-media-text is-stacked-on-mobile\"><figure class=\"wp-block-media-text__media\"><img loading=\"lazy\" decoding=\"async\" width=\"1000\" height=\"1000\" src=\"http:\/\/felixbussephotography.de\/wp-content\/uploads\/2025\/10\/230910_07_hp.jpg\" alt=\"\" class=\"wp-image-678 size-full\" srcset=\"https:\/\/felixbussephotography.de\/wp-content\/uploads\/2025\/10\/230910_07_hp.jpg 1000w, https:\/\/felixbussephotography.de\/wp-content\/uploads\/2025\/10\/230910_07_hp-300x300.jpg 300w, https:\/\/felixbussephotography.de\/wp-content\/uploads\/2025\/10\/230910_07_hp-150x150.jpg 150w, https:\/\/felixbussephotography.de\/wp-content\/uploads\/2025\/10\/230910_07_hp-768x768.jpg 768w\" sizes=\"auto, (max-width: 1000px) 100vw, 1000px\" \/><\/figure><div class=\"wp-block-media-text__content\">\n<p>Die Fotografie ist f\u00fcr mich eine wunderbare Art der Entspannung. Mit der Kamera in der Hand kann ich sehr gut von allen anderen Dingen Abstand nehmen und mich voll und ganz auf meine Umgebung und was es dort zu sehen gibt konzentrieren.<\/p>\n<\/div><\/div>\n\n\n\n<p>Dabei nehme ich die Umgebung wie ein gro\u00dfes 3D-R\u00e4tsel wahr, das es zu l\u00f6sen gilt. Wer oder was ist das Hauptmotiv? Welche Elemente lenken die Aufmerksamkeit auf das Hauptmotiv, welche lenken davon ab? Wie muss ich mich positionieren, damit alle Elemente optimal im Bild wirken? Welche Brennweite nutze ich daf\u00fcr? Muss ich evtl. zu einer anderen Tages- oder Jahreszeit wiederkommen, damit das Licht besser f\u00e4llt? Wenn ich auf m\u00f6glichst viele dieser (und weiterer) Fragen eine gute Antwort gefunden habe und etwas Gl\u00fcck mitgespielt hat, kann ich zufrieden auf das (vorl\u00e4ufige) Ergebnis blicken.<\/p>\n\n\n\n<div style=\"height:100px\" aria-hidden=\"true\" class=\"wp-block-spacer\"><\/div>\n\n\n\n<h2 class=\"wp-block-heading\">Meine Ausstellungen<\/h2>\n\n\n\n<ul class=\"wp-block-list\">\n<li><em><strong>Lugger:<\/strong><\/em> Mai bis August 2022<\/li>\n\n\n\n<li><strong><em>Gl\u00fcckstreter:<\/em><\/strong> November 2022 bis Januar 2023<\/li>\n\n\n\n<li><strong><em>Home is where the Moin is:<\/em><\/strong> Oktober 2022 bis Januar 2024<\/li>\n\n\n\n<li><strong><em>Bandonion:<\/em><\/strong> Februar bis August 2023<\/li>\n\n\n\n<li><strong><em>Kulturhaus Pusdorf:<\/em><\/strong> Oktober 2023 bis Februar 2024<\/li>\n\n\n\n<li><strong><em>Hidden Treasure Festival:<\/em><\/strong> August 2024<\/li>\n\n\n\n<li><strong><em>Gl\u00fcckstreter:<\/em><\/strong> Februar bis M\u00e4rz 2025<\/li>\n<\/ul>\n\n\n\n<p><\/p>\n","protected":false},"excerpt":{"rendered":"<p>&#8230; auf meiner Homepage. Hier m\u00f6chte ich mich und eine Auswahl meiner Bilder und Projekte vorstellen: Die Fotografie ist f\u00fcr mich eine wunderbare Art der Entspannung. Mit der Kamera in der Hand kann ich sehr gut von allen anderen Dingen Abstand nehmen und mich voll und ganz auf meine Umgebung und was es dort zu [&hellip;]<\/p>\n","protected":false},"author":1,"featured_media":0,"parent":0,"menu_order":0,"comment_status":"closed","ping_status":"closed","template":"","meta":{"_monsterinsights_skip_tracking":false,"_monsterinsights_sitenote_active":false,"_monsterinsights_sitenote_note":"","_monsterinsights_sitenote_category":0,"ngg_post_thumbnail":0,"footnotes":""},"class_list":["post-7","page","type-page","status-publish","hentry"],"_links":{"self":[{"href":"https:\/\/felixbussephotography.de\/index.php?rest_route=\/wp\/v2\/pages\/7","targetHints":{"allow":["GET"]}}],"collection":[{"href":"https:\/\/felixbussephotography.de\/index.php?rest_route=\/wp\/v2\/pages"}],"about":[{"href":"https:\/\/felixbussephotography.de\/index.php?rest_route=\/wp\/v2\/types\/page"}],"author":[{"embeddable":true,"href":"https:\/\/felixbussephotography.de\/index.php?rest_route=\/wp\/v2\/users\/1"}],"replies":[{"embeddable":true,"href":"https:\/\/felixbussephotography.de\/index.php?rest_route=%2Fwp%2Fv2%2Fcomments&post=7"}],"version-history":[{"count":17,"href":"https:\/\/felixbussephotography.de\/index.php?rest_route=\/wp\/v2\/pages\/7\/revisions"}],"predecessor-version":[{"id":688,"href":"https:\/\/felixbussephotography.de\/index.php?rest_route=\/wp\/v2\/pages\/7\/revisions\/688"}],"wp:attachment":[{"href":"https:\/\/felixbussephotography.de\/index.php?rest_route=%2Fwp%2Fv2%2Fmedia&parent=7"}],"curies":[{"name":"wp","href":"https:\/\/api.w.org\/{rel}","templated":true}]}}