{"id":639,"date":"2023-02-14T16:50:16","date_gmt":"2023-02-14T16:50:16","guid":{"rendered":"http:\/\/felixbussephotography.de\/?page_id=639"},"modified":"2023-02-14T16:50:16","modified_gmt":"2023-02-14T16:50:16","slug":"urban-big-five","status":"publish","type":"page","link":"https:\/\/felixbussephotography.de\/?page_id=639","title":{"rendered":"Urban Big Five"},"content":{"rendered":"\n<p>Der urbane Raum wird von Beton, Stein, Glas und Stahl dominiert. Der allgegenw\u00e4rtige Verkehr sorgt f\u00fcr L\u00e4rm, Abgase und Kollisionsgefahr. Einige wenige B\u00e4ume, Gr\u00fcnfl\u00e4chen und meist k\u00fcnstlich angelegte oder begradigte Wasserfl\u00e4chen erinnern entfernt an die Vielfalt der Natur. F\u00fcr Tiere ist kaum Platz. Dementsprechend selten sieht man also in der Stadt Tiere und die Artenvielfalt ist weitestgehend auf Siedlungsfolger und domestizierte, \u00fcberz\u00fcchtete Arten beschr\u00e4nkt.<\/p>\n\n\n\n<p>Umso mehr stechen Animal Prints mit all ihren Farben und Mustern aus dem grauen tierarmen Betondschungel hervor. Es ist doch interessant, dass wir beinahe die gesamte hiesige Tierwelt vertrieben haben, uns vor ihr mitunter f\u00fcrchten und uns andererseits die Farben und Muster einer exotischen Tierwelt aneignen. Die Vielfalt der getragenen Muster scheint die Anzahl der in der Stadt verbliebenen Arten zu \u00fcbersteigen. Animal Prints zeugen von einer Faszination der Menschen f\u00fcr die Sch\u00f6nheit der Tiere, einer Sehnsucht auf ferne und abenteuerliche Welten. Menschen mit den Farben und Mustern wilder Tiere betonen den Kontrast zwischen Kultur und Natur, zwischen Stadt und Wildnis.<\/p>\n\n\n\nngg_shortcode_0_placeholder\n","protected":false},"excerpt":{"rendered":"<p>Der urbane Raum wird von Beton, Stein, Glas und Stahl dominiert. Der allgegenw\u00e4rtige Verkehr sorgt f\u00fcr L\u00e4rm, Abgase und Kollisionsgefahr. Einige wenige B\u00e4ume, Gr\u00fcnfl\u00e4chen und meist k\u00fcnstlich angelegte oder begradigte Wasserfl\u00e4chen erinnern entfernt an die Vielfalt der Natur. F\u00fcr Tiere ist kaum Platz. Dementsprechend selten sieht man also in der Stadt Tiere und die Artenvielfalt [&hellip;]<\/p>\n","protected":false},"author":1,"featured_media":0,"parent":0,"menu_order":0,"comment_status":"closed","ping_status":"closed","template":"","meta":{"_monsterinsights_skip_tracking":false,"_monsterinsights_sitenote_active":false,"_monsterinsights_sitenote_note":"","_monsterinsights_sitenote_category":0,"ngg_post_thumbnail":0,"footnotes":""},"class_list":["post-639","page","type-page","status-publish","hentry"],"_links":{"self":[{"href":"https:\/\/felixbussephotography.de\/index.php?rest_route=\/wp\/v2\/pages\/639","targetHints":{"allow":["GET"]}}],"collection":[{"href":"https:\/\/felixbussephotography.de\/index.php?rest_route=\/wp\/v2\/pages"}],"about":[{"href":"https:\/\/felixbussephotography.de\/index.php?rest_route=\/wp\/v2\/types\/page"}],"author":[{"embeddable":true,"href":"https:\/\/felixbussephotography.de\/index.php?rest_route=\/wp\/v2\/users\/1"}],"replies":[{"embeddable":true,"href":"https:\/\/felixbussephotography.de\/index.php?rest_route=%2Fwp%2Fv2%2Fcomments&post=639"}],"version-history":[{"count":1,"href":"https:\/\/felixbussephotography.de\/index.php?rest_route=\/wp\/v2\/pages\/639\/revisions"}],"predecessor-version":[{"id":640,"href":"https:\/\/felixbussephotography.de\/index.php?rest_route=\/wp\/v2\/pages\/639\/revisions\/640"}],"wp:attachment":[{"href":"https:\/\/felixbussephotography.de\/index.php?rest_route=%2Fwp%2Fv2%2Fmedia&parent=639"}],"curies":[{"name":"wp","href":"https:\/\/api.w.org\/{rel}","templated":true}]}}