{"id":637,"date":"2023-02-14T16:49:24","date_gmt":"2023-02-14T16:49:24","guid":{"rendered":"http:\/\/felixbussephotography.de\/?page_id=637"},"modified":"2023-02-14T16:49:24","modified_gmt":"2023-02-14T16:49:24","slug":"ausgesprochen","status":"publish","type":"page","link":"https:\/\/felixbussephotography.de\/?page_id=637","title":{"rendered":"Ausgesprochen"},"content":{"rendered":"\n<p>Die Welt ist in einem st\u00e4ndigen Wandel. Laufend wird die Alltagstauglichkeit von bekannten und bew\u00e4hrten Gegenst\u00e4nden oder Konzepten durch neue Innovationen auf die Probe gestellt. W\u00e4hrend die meisten Erfindungen sich zwar nicht durchsetzen k\u00f6nnen, ver\u00e4ndern andere unser Leben nachhaltig. Vorg\u00e4ngerl\u00f6sungen wirken schon schnell wie aus einer anderen Epoche und in unserem Alltag v\u00f6llig deplatziert. Sie erhalten eine gewisse Absurdit\u00e4t und es kommt schnell die Frage nach der Sinnhaftigkeit auf.<\/p>\n\n\n\n<p>Symbolisch f\u00fcr diesen Wandel und dem Gegensatz von Alt und Neu stehen in Zeiten von allgegenw\u00e4rtigen Mobiltelefonen und den dazugeh\u00f6rigen Flatrates die immer noch zahlreich vorhandenen \u00f6ffentlichen Telefonanlagen. Durch die auff\u00e4llige Farbgebung und Beleuchtung sind sie weithin sichtbar und verst\u00e4rken so leuchtturmartig die Absurdit\u00e4t ihres Daseins. Menschen, die in der \u00d6ffentlichkeit \u00fcber ihr Smartphone mit anderen Menschen kommunizieren, sind allgegenw\u00e4rtig, w\u00e4hrend die Telefonanlagen meist verwaist sind. Vandalismus scheint die h\u00e4ufigste Interaktion zu sein.<\/p>\n\n\n\nngg_shortcode_0_placeholder\n","protected":false},"excerpt":{"rendered":"<p>Die Welt ist in einem st\u00e4ndigen Wandel. Laufend wird die Alltagstauglichkeit von bekannten und bew\u00e4hrten Gegenst\u00e4nden oder Konzepten durch neue Innovationen auf die Probe gestellt. W\u00e4hrend die meisten Erfindungen sich zwar nicht durchsetzen k\u00f6nnen, ver\u00e4ndern andere unser Leben nachhaltig. Vorg\u00e4ngerl\u00f6sungen wirken schon schnell wie aus einer anderen Epoche und in unserem Alltag v\u00f6llig deplatziert. Sie [&hellip;]<\/p>\n","protected":false},"author":1,"featured_media":0,"parent":0,"menu_order":0,"comment_status":"closed","ping_status":"closed","template":"","meta":{"_monsterinsights_skip_tracking":false,"_monsterinsights_sitenote_active":false,"_monsterinsights_sitenote_note":"","_monsterinsights_sitenote_category":0,"ngg_post_thumbnail":0,"footnotes":""},"class_list":["post-637","page","type-page","status-publish","hentry"],"_links":{"self":[{"href":"https:\/\/felixbussephotography.de\/index.php?rest_route=\/wp\/v2\/pages\/637","targetHints":{"allow":["GET"]}}],"collection":[{"href":"https:\/\/felixbussephotography.de\/index.php?rest_route=\/wp\/v2\/pages"}],"about":[{"href":"https:\/\/felixbussephotography.de\/index.php?rest_route=\/wp\/v2\/types\/page"}],"author":[{"embeddable":true,"href":"https:\/\/felixbussephotography.de\/index.php?rest_route=\/wp\/v2\/users\/1"}],"replies":[{"embeddable":true,"href":"https:\/\/felixbussephotography.de\/index.php?rest_route=%2Fwp%2Fv2%2Fcomments&post=637"}],"version-history":[{"count":2,"href":"https:\/\/felixbussephotography.de\/index.php?rest_route=\/wp\/v2\/pages\/637\/revisions"}],"predecessor-version":[{"id":648,"href":"https:\/\/felixbussephotography.de\/index.php?rest_route=\/wp\/v2\/pages\/637\/revisions\/648"}],"wp:attachment":[{"href":"https:\/\/felixbussephotography.de\/index.php?rest_route=%2Fwp%2Fv2%2Fmedia&parent=637"}],"curies":[{"name":"wp","href":"https:\/\/api.w.org\/{rel}","templated":true}]}}