{"id":593,"date":"2023-03-07T20:27:12","date_gmt":"2023-03-07T20:27:12","guid":{"rendered":"http:\/\/felixbussephotography.de\/?page_id=593"},"modified":"2023-03-07T20:28:13","modified_gmt":"2023-03-07T20:28:13","slug":"workshops","status":"publish","type":"page","link":"https:\/\/felixbussephotography.de\/?page_id=593","title":{"rendered":"workshops"},"content":{"rendered":"\n<p>Mein Workshop-Angebot richtet sich an Einsteiger*innen in die Street-Fotografie und ist als Einzelcoaching oder f\u00fcr kleine Gruppen (max. 4 Personen) konzipiert. Ich stelle mich inhaltlich auf deine\/eure Interessen\/Fragestellungen ein und lege anhand dessen die Route fest.<\/p>\n\n\n\n<h2 class=\"wp-block-heading\">Ich unterst\u00fctze dich unter anderem bei\u2026<\/h2>\n\n\n\n<ul class=\"wp-block-list\">\n<li>dem Einstieg in die Street-Fotografie<\/li>\n\n\n\n<li>dem Umgang mit der Kamera<\/li>\n\n\n\n<li>dem Finden von ansprechenden Kompositionen<\/li>\n\n\n\n<li>der Suche nach geeigneten Themen f\u00fcr Serien\/Trigger<\/li>\n\n\n\n<li>der Frage &#8222;Wie verhalte ich mich auf der Stra\u00dfe beim Fotografieren von Fremden?&#8220;<\/li>\n<\/ul>\n\n\n\n<h2 class=\"wp-block-heading\">Ablauf eines Workshops:<\/h2>\n\n\n\n<ul class=\"wp-block-list\">\n<li>Abfrage von Fragen\/Schwerpunkten im Vorfeld<\/li>\n\n\n\n<li>Wir erkunden ca. drei Stunden die Stra\u00dfen von Bremen (Hamburg oder Hannover gegen Aufpreis)<\/li>\n\n\n\n<li>Wir arbeiten intensiv an einzelnen Locations und besprechen grunds\u00e4tzliche Kompositionselemente<\/li>\n\n\n\n<li>Zwischendurch gibt es ausreichend Zeit f\u00fcr grunds\u00e4tzliche Fragestellungen zur (Street-)Fotografie<\/li>\n\n\n\n<li>Anschlie\u00dfendes Ausklingen (z.B. Fotosichtung, Kl\u00e4rung von Fragen) in einem Caf\u00e9\/Restaurant<\/li>\n<\/ul>\n\n\n\n<h2 class=\"wp-block-heading\">Buchung:<\/h2>\n\n\n\n<p>Wenn du Interesse an einem Workshop hast, schreibe mir eine Mail oder eine Nachricht \u00fcber Instagram. Ich melde mich anschlie\u00dfend f\u00fcr die Terminfindung und wir besprechen im Vorfeld zu dem Workshop Themenschwerpunkte oder Fragestellungen.<\/p>\n\n\n\n<p>Als Einzelcoaching kostet der Workshop 200\u20ac. F\u00fcr jede weitere Person fallen 100\u20ac an. Verpflegung oder sonstige Kosten (z.B. Bus\/Bahn) sind nicht inbegriffen. Der Aufpreis f\u00fcr Workshops in Hamburg oder Hannover betr\u00e4gt 100\u20ac.<\/p>\n","protected":false},"excerpt":{"rendered":"<p>Mein Workshop-Angebot richtet sich an Einsteiger*innen in die Street-Fotografie und ist als Einzelcoaching oder f\u00fcr kleine Gruppen (max. 4 Personen) konzipiert. Ich stelle mich inhaltlich auf deine\/eure Interessen\/Fragestellungen ein und lege anhand dessen die Route fest. Ich unterst\u00fctze dich unter anderem bei\u2026 Ablauf eines Workshops: Buchung: Wenn du Interesse an einem Workshop hast, schreibe mir [&hellip;]<\/p>\n","protected":false},"author":1,"featured_media":0,"parent":0,"menu_order":0,"comment_status":"closed","ping_status":"closed","template":"","meta":{"_monsterinsights_skip_tracking":false,"_monsterinsights_sitenote_active":false,"_monsterinsights_sitenote_note":"","_monsterinsights_sitenote_category":0,"ngg_post_thumbnail":0,"footnotes":""},"class_list":["post-593","page","type-page","status-publish","hentry"],"_links":{"self":[{"href":"https:\/\/felixbussephotography.de\/index.php?rest_route=\/wp\/v2\/pages\/593","targetHints":{"allow":["GET"]}}],"collection":[{"href":"https:\/\/felixbussephotography.de\/index.php?rest_route=\/wp\/v2\/pages"}],"about":[{"href":"https:\/\/felixbussephotography.de\/index.php?rest_route=\/wp\/v2\/types\/page"}],"author":[{"embeddable":true,"href":"https:\/\/felixbussephotography.de\/index.php?rest_route=\/wp\/v2\/users\/1"}],"replies":[{"embeddable":true,"href":"https:\/\/felixbussephotography.de\/index.php?rest_route=%2Fwp%2Fv2%2Fcomments&post=593"}],"version-history":[{"count":4,"href":"https:\/\/felixbussephotography.de\/index.php?rest_route=\/wp\/v2\/pages\/593\/revisions"}],"predecessor-version":[{"id":661,"href":"https:\/\/felixbussephotography.de\/index.php?rest_route=\/wp\/v2\/pages\/593\/revisions\/661"}],"wp:attachment":[{"href":"https:\/\/felixbussephotography.de\/index.php?rest_route=%2Fwp%2Fv2%2Fmedia&parent=593"}],"curies":[{"name":"wp","href":"https:\/\/api.w.org\/{rel}","templated":true}]}}