{"id":401,"date":"2023-02-14T16:48:47","date_gmt":"2023-02-14T16:48:47","guid":{"rendered":"http:\/\/felixbussephotography.de\/?page_id=401"},"modified":"2023-02-14T16:48:47","modified_gmt":"2023-02-14T16:48:47","slug":"anonyme-menschlichkeit","status":"publish","type":"page","link":"https:\/\/felixbussephotography.de\/?page_id=401","title":{"rendered":"Anonyme Menschlichkeit"},"content":{"rendered":"\n<p>In der Stadt begegnen wir jeden Tag Fremden. Wir teilen gemeinsame R\u00e4ume mit Ihnen, wir nutzen Verkehrsmittel, Stra\u00dfen und begegnen uns in Caf\u00e9s und Restaurants. Die meisten bleiben jedoch anonym. Man steht sich weitgehend neutral gegen\u00fcber und oft gibt es keine Interaktion. Das Lesen, das Interpretieren des Gegen\u00fcber geschieht \u00fcber die \u00e4u\u00dferliche Erscheinung und die K\u00f6rpersprache. Und auch wenn die meisten Menschen sich im \u00f6ffentlichen Raum eher bedeckt halten, wird von jeder Person laufend (wortlos) kommuniziert. Es gibt allerorts kleine Signale, Gesten, die doch einiges \u00fcber die jeweilige Person verraten.<\/p>\n\n\n\n<p>Ich versuche, dieses Spannungsfeld \u201eAnonymit\u00e4t vs. Pers\u00f6nlichkeit\u201c fotografisch umzusetzen. Ich bin stets auf der Suche, nach besonderen Momenten und Handlungen oder anderen Hinweisen, die etwas \u00fcber die Personen oder auch die Beziehungen zueinander verraten. Gleichzeitig sch\u00fctze ich durch gestalterische Mittel die Identit\u00e4t und bewahre somit die Anonymit\u00e4t, die das Leben in der Stadt ausmacht.<\/p>\n\n\n\nngg_shortcode_0_placeholder\n","protected":false},"excerpt":{"rendered":"<p>In der Stadt begegnen wir jeden Tag Fremden. Wir teilen gemeinsame R\u00e4ume mit Ihnen, wir nutzen Verkehrsmittel, Stra\u00dfen und begegnen uns in Caf\u00e9s und Restaurants. Die meisten bleiben jedoch anonym. Man steht sich weitgehend neutral gegen\u00fcber und oft gibt es keine Interaktion. Das Lesen, das Interpretieren des Gegen\u00fcber geschieht \u00fcber die \u00e4u\u00dferliche Erscheinung und die [&hellip;]<\/p>\n","protected":false},"author":1,"featured_media":0,"parent":0,"menu_order":0,"comment_status":"closed","ping_status":"closed","template":"","meta":{"_monsterinsights_skip_tracking":false,"_monsterinsights_sitenote_active":false,"_monsterinsights_sitenote_note":"","_monsterinsights_sitenote_category":0,"ngg_post_thumbnail":0,"footnotes":""},"class_list":["post-401","page","type-page","status-publish","hentry"],"_links":{"self":[{"href":"https:\/\/felixbussephotography.de\/index.php?rest_route=\/wp\/v2\/pages\/401","targetHints":{"allow":["GET"]}}],"collection":[{"href":"https:\/\/felixbussephotography.de\/index.php?rest_route=\/wp\/v2\/pages"}],"about":[{"href":"https:\/\/felixbussephotography.de\/index.php?rest_route=\/wp\/v2\/types\/page"}],"author":[{"embeddable":true,"href":"https:\/\/felixbussephotography.de\/index.php?rest_route=\/wp\/v2\/users\/1"}],"replies":[{"embeddable":true,"href":"https:\/\/felixbussephotography.de\/index.php?rest_route=%2Fwp%2Fv2%2Fcomments&post=401"}],"version-history":[{"count":3,"href":"https:\/\/felixbussephotography.de\/index.php?rest_route=\/wp\/v2\/pages\/401\/revisions"}],"predecessor-version":[{"id":636,"href":"https:\/\/felixbussephotography.de\/index.php?rest_route=\/wp\/v2\/pages\/401\/revisions\/636"}],"wp:attachment":[{"href":"https:\/\/felixbussephotography.de\/index.php?rest_route=%2Fwp%2Fv2%2Fmedia&parent=401"}],"curies":[{"name":"wp","href":"https:\/\/api.w.org\/{rel}","templated":true}]}}