{"id":399,"date":"2023-02-14T17:15:09","date_gmt":"2023-02-14T17:15:09","guid":{"rendered":"http:\/\/felixbussephotography.de\/?page_id=399"},"modified":"2025-10-24T09:08:45","modified_gmt":"2025-10-24T09:08:45","slug":"serien","status":"publish","type":"page","link":"https:\/\/felixbussephotography.de\/?page_id=399","title":{"rendered":"serien\/projekte"},"content":{"rendered":"\n<p>Bei meinen fotografischen Streifz\u00fcgen durch die St\u00e4dte kristallisieren sich mehr und mehr einzelne Themen heraus, die aus verschiedenen Gr\u00fcnden mein Interesse dauerhaft binden. Sei es der fragw\u00fcrdige Nutzen von \u00f6ffentlichen Telefonen in Zeiten allgegenw\u00e4rtiger Mobiltelefone oder auch das Spannungsfeld zwischen Anonymit\u00e4t und Intimit\u00e4t im \u00f6ffentlichen Raum. Unter anderen an den folgenden Themen arbeite ich in Form von fortlaufenden Serien, die mit der Zeit an Masse und vermutlich auch an Klasse gewinnen werden. <\/p>\n\n\n\n<div class=\"wp-block-group is-nowrap is-layout-flex wp-container-core-group-is-layout-ad2f72ca wp-block-group-is-layout-flex\">\n<figure class=\"wp-block-image size-full\"><a href=\"http:\/\/felixbussephotography.de\/?page_id=639\"><img loading=\"lazy\" decoding=\"async\" width=\"722\" height=\"1000\" src=\"http:\/\/felixbussephotography.de\/wp-content\/uploads\/2023\/02\/220827_58_hp.jpg\" alt=\"\" class=\"wp-image-646\" srcset=\"https:\/\/felixbussephotography.de\/wp-content\/uploads\/2023\/02\/220827_58_hp.jpg 722w, https:\/\/felixbussephotography.de\/wp-content\/uploads\/2023\/02\/220827_58_hp-217x300.jpg 217w\" sizes=\"auto, (max-width: 722px) 100vw, 722px\" \/><\/a><figcaption class=\"wp-element-caption\">Urban Big Five<\/figcaption><\/figure>\n\n\n\n<figure class=\"wp-block-image size-full\"><a href=\"http:\/\/felixbussephotography.de\/?page_id=637\"><img loading=\"lazy\" decoding=\"async\" width=\"722\" height=\"1000\" src=\"http:\/\/felixbussephotography.de\/wp-content\/uploads\/2023\/02\/220720_5_hp.jpg\" alt=\"\" class=\"wp-image-644\" srcset=\"https:\/\/felixbussephotography.de\/wp-content\/uploads\/2023\/02\/220720_5_hp.jpg 722w, https:\/\/felixbussephotography.de\/wp-content\/uploads\/2023\/02\/220720_5_hp-217x300.jpg 217w\" sizes=\"auto, (max-width: 722px) 100vw, 722px\" \/><\/a><figcaption class=\"wp-element-caption\">Ausgesprochen<\/figcaption><\/figure>\n\n\n\n<figure class=\"wp-block-image size-full\"><a href=\"http:\/\/felixbussephotography.de\/?page_id=401\"><img loading=\"lazy\" decoding=\"async\" width=\"722\" height=\"1000\" src=\"http:\/\/felixbussephotography.de\/wp-content\/uploads\/2023\/02\/180914_19_hp.jpg\" alt=\"\" class=\"wp-image-643\" srcset=\"https:\/\/felixbussephotography.de\/wp-content\/uploads\/2023\/02\/180914_19_hp.jpg 722w, https:\/\/felixbussephotography.de\/wp-content\/uploads\/2023\/02\/180914_19_hp-217x300.jpg 217w\" sizes=\"auto, (max-width: 722px) 100vw, 722px\" \/><\/a><figcaption class=\"wp-element-caption\">Anonyme Menschlichkeit<\/figcaption><\/figure>\n\n\n\n<figure class=\"wp-block-image size-full\"><a href=\"http:\/\/felixbussephotography.de\/?page_id=403\"><img loading=\"lazy\" decoding=\"async\" width=\"722\" height=\"1000\" src=\"http:\/\/felixbussephotography.de\/wp-content\/uploads\/2023\/02\/210830_109_hp.jpg\" alt=\"\" class=\"wp-image-645\" srcset=\"https:\/\/felixbussephotography.de\/wp-content\/uploads\/2023\/02\/210830_109_hp.jpg 722w, https:\/\/felixbussephotography.de\/wp-content\/uploads\/2023\/02\/210830_109_hp-217x300.jpg 217w\" sizes=\"auto, (max-width: 722px) 100vw, 722px\" \/><\/a><figcaption class=\"wp-element-caption\">Lost in concrete<\/figcaption><\/figure>\n<\/div>\n\n\n\n<p><\/p>\n","protected":false},"excerpt":{"rendered":"<p>Bei meinen fotografischen Streifz\u00fcgen durch die St\u00e4dte kristallisieren sich mehr und mehr einzelne Themen heraus, die aus verschiedenen Gr\u00fcnden mein Interesse dauerhaft binden. Sei es der fragw\u00fcrdige Nutzen von \u00f6ffentlichen Telefonen in Zeiten allgegenw\u00e4rtiger Mobiltelefone oder auch das Spannungsfeld zwischen Anonymit\u00e4t und Intimit\u00e4t im \u00f6ffentlichen Raum. Unter anderen an den folgenden Themen arbeite ich in [&hellip;]<\/p>\n","protected":false},"author":1,"featured_media":0,"parent":0,"menu_order":0,"comment_status":"closed","ping_status":"closed","template":"","meta":{"_monsterinsights_skip_tracking":false,"_monsterinsights_sitenote_active":false,"_monsterinsights_sitenote_note":"","_monsterinsights_sitenote_category":0,"ngg_post_thumbnail":0,"footnotes":""},"class_list":["post-399","page","type-page","status-publish","hentry"],"_links":{"self":[{"href":"https:\/\/felixbussephotography.de\/index.php?rest_route=\/wp\/v2\/pages\/399","targetHints":{"allow":["GET"]}}],"collection":[{"href":"https:\/\/felixbussephotography.de\/index.php?rest_route=\/wp\/v2\/pages"}],"about":[{"href":"https:\/\/felixbussephotography.de\/index.php?rest_route=\/wp\/v2\/types\/page"}],"author":[{"embeddable":true,"href":"https:\/\/felixbussephotography.de\/index.php?rest_route=\/wp\/v2\/users\/1"}],"replies":[{"embeddable":true,"href":"https:\/\/felixbussephotography.de\/index.php?rest_route=%2Fwp%2Fv2%2Fcomments&post=399"}],"version-history":[{"count":16,"href":"https:\/\/felixbussephotography.de\/index.php?rest_route=\/wp\/v2\/pages\/399\/revisions"}],"predecessor-version":[{"id":676,"href":"https:\/\/felixbussephotography.de\/index.php?rest_route=\/wp\/v2\/pages\/399\/revisions\/676"}],"wp:attachment":[{"href":"https:\/\/felixbussephotography.de\/index.php?rest_route=%2Fwp%2Fv2%2Fmedia&parent=399"}],"curies":[{"name":"wp","href":"https:\/\/api.w.org\/{rel}","templated":true}]}}