{"id":176,"date":"2020-04-12T13:08:42","date_gmt":"2020-04-12T13:08:42","guid":{"rendered":"http:\/\/felixbussephotography.de\/?page_id=176"},"modified":"2020-10-11T20:13:38","modified_gmt":"2020-10-11T20:13:38","slug":"impressum","status":"publish","type":"page","link":"https:\/\/felixbussephotography.de\/?page_id=176","title":{"rendered":"Impressum"},"content":{"rendered":"\n<p><strong>Felix Busse<\/strong>, Augsburger Stra\u00dfe 103,  28215 Bremen<\/p>\n\n\n\n<p>contact@felixbussephotography.de<\/p>\n\n\n\n<p>Inhaltlich Verantwortlicher gem\u00e4\u00df \u00a7 6 MDStV: Felix Busse<\/p>\n\n\n\n<p>Trotz sorgf\u00e4ltiger inhaltlicher Kontrolle \u00fcbernehme ich keine Haftung f\u00fcr die Inhalte externer Links. F\u00fcr den Inhalt der verlinkten Seiten sind ausschlie\u00dflich deren Betreiber verantwortlich.<\/p>\n","protected":false},"excerpt":{"rendered":"<p>Felix Busse, Augsburger Stra\u00dfe 103, 28215 Bremen contact@felixbussephotography.de Inhaltlich Verantwortlicher gem\u00e4\u00df \u00a7 6 MDStV: Felix Busse Trotz sorgf\u00e4ltiger inhaltlicher Kontrolle \u00fcbernehme ich keine Haftung f\u00fcr die Inhalte externer Links. F\u00fcr den Inhalt der verlinkten Seiten sind ausschlie\u00dflich deren Betreiber verantwortlich.<\/p>\n","protected":false},"author":1,"featured_media":0,"parent":0,"menu_order":0,"comment_status":"closed","ping_status":"closed","template":"","meta":{"_monsterinsights_skip_tracking":false,"_monsterinsights_sitenote_active":false,"_monsterinsights_sitenote_note":"","_monsterinsights_sitenote_category":0,"ngg_post_thumbnail":0,"footnotes":""},"class_list":["post-176","page","type-page","status-publish","hentry"],"_links":{"self":[{"href":"https:\/\/felixbussephotography.de\/index.php?rest_route=\/wp\/v2\/pages\/176","targetHints":{"allow":["GET"]}}],"collection":[{"href":"https:\/\/felixbussephotography.de\/index.php?rest_route=\/wp\/v2\/pages"}],"about":[{"href":"https:\/\/felixbussephotography.de\/index.php?rest_route=\/wp\/v2\/types\/page"}],"author":[{"embeddable":true,"href":"https:\/\/felixbussephotography.de\/index.php?rest_route=\/wp\/v2\/users\/1"}],"replies":[{"embeddable":true,"href":"https:\/\/felixbussephotography.de\/index.php?rest_route=%2Fwp%2Fv2%2Fcomments&post=176"}],"version-history":[{"count":4,"href":"https:\/\/felixbussephotography.de\/index.php?rest_route=\/wp\/v2\/pages\/176\/revisions"}],"predecessor-version":[{"id":275,"href":"https:\/\/felixbussephotography.de\/index.php?rest_route=\/wp\/v2\/pages\/176\/revisions\/275"}],"wp:attachment":[{"href":"https:\/\/felixbussephotography.de\/index.php?rest_route=%2Fwp%2Fv2%2Fmedia&parent=176"}],"curies":[{"name":"wp","href":"https:\/\/api.w.org\/{rel}","templated":true}]}}